{"id":26,"date":"2025-07-07T20:59:29","date_gmt":"2025-07-07T20:59:29","guid":{"rendered":"https:\/\/www.francoperuana.com\/fr\/?page_id=26"},"modified":"2025-07-10T17:02:38","modified_gmt":"2025-07-10T17:02:38","slug":"nos-services","status":"publish","type":"page","link":"https:\/\/www.francoperuana.com\/fr\/nos-services\/","title":{"rendered":"Nos Services"},"content":{"rendered":"<p>[et_pb_section fb_built=\u00bb1&#8243; custom_padding_last_edited=\u00bbon|phone\u00bb _builder_version=\u00bb4.27.4&#8243; _module_preset=\u00bbdefault\u00bb background_image=\u00bbhttps:\/\/www.francoperuana.com\/fr\/wp-content\/uploads\/2025\/07\/BANNER-FRANCO.jpg\u00bb parallax=\u00bbon\u00bb custom_padding=\u00bb200px||200px||true|\u00bb custom_padding_tablet=\u00bb200px||200px||true|\u00bb custom_padding_phone=\u00bb138px||138px||true|false\u00bb locked=\u00bboff\u00bb global_colors_info=\u00bb{}\u00bb][et_pb_row _builder_version=\u00bb4.27.4&#8243; _module_preset=\u00bbdefault\u00bb global_colors_info=\u00bb{}\u00bb][et_pb_column type=\u00bb4_4&#8243; _builder_version=\u00bb4.27.4&#8243; _module_preset=\u00bbdefault\u00bb global_colors_info=\u00bb{}\u00bb][et_pb_text _builder_version=\u00bb4.27.4&#8243; _module_preset=\u00bbdefault\u00bb text_font=\u00bbPlus Jakarta Sans||||||||\u00bb text_text_color=\u00bb#FFFFFF\u00bb text_font_size=\u00bb58px\u00bb text_line_height=\u00bb0.2em\u00bb custom_margin=\u00bb||38px|||\u00bb custom_margin_tablet=\u00bb||38px|||\u00bb custom_margin_phone=\u00bb-28px||38px||false|false\u00bb custom_margin_last_edited=\u00bbon|phone\u00bb text_font_size_tablet=\u00bb58px\u00bb text_font_size_phone=\u00bb41px\u00bb text_font_size_last_edited=\u00bbon|phone\u00bb text_line_height_tablet=\u00bb0.2em\u00bb text_line_height_phone=\u00bb1em\u00bb text_line_height_last_edited=\u00bbon|phone\u00bb global_colors_info=\u00bb{}\u00bb]<\/p>\n<p style=\"text-align: center;\"><strong>D\u00e9couvrez Nos Services<\/strong><\/p>\n<p>[\/et_pb_text][et_pb_text _builder_version=\u00bb4.27.4&#8243; _module_preset=\u00bbdefault\u00bb text_font=\u00bbPlus Jakarta Sans|200|||||||\u00bb text_text_color=\u00bb#FFFFFF\u00bb text_font_size=\u00bb17px\u00bb text_line_height=\u00bb0.7em\u00bb custom_margin=\u00bb41px|||||\u00bb custom_margin_tablet=\u00bb41px|||||\u00bb custom_margin_phone=\u00bb-23px||||false|false\u00bb custom_margin_last_edited=\u00bbon|phone\u00bb text_line_height_tablet=\u00bb0.7em\u00bb text_line_height_phone=\u00bb1.2em\u00bb text_line_height_last_edited=\u00bbon|phone\u00bb global_colors_info=\u00bb{}\u00bb]<\/p>\n<p style=\"text-align: center;\">Solutions strat\u00e9giques pour les entreprises souhaitant se d\u00e9velopper, se transformer ou s&#8217;internationaliser.<\/p>\n<p>[\/et_pb_text][\/et_pb_column][\/et_pb_row][\/et_pb_section][et_pb_section fb_built=\u00bb1&#8243; _builder_version=\u00bb4.16&#8243; custom_padding=\u00bb62px||62px||true|\u00bb locked=\u00bboff\u00bb global_colors_info=\u00bb{}\u00bb][et_pb_row column_structure=\u00bb1_3,1_3,1_3&#8243; use_custom_gutter=\u00bbon\u00bb gutter_width=\u00bb2&#8243; make_equal=\u00bbon\u00bb _builder_version=\u00bb4.27.4&#8243; width=\u00bb88%\u00bb width_tablet=\u00bb90%\u00bb width_phone=\u00bb90%\u00bb width_last_edited=\u00bboff|desktop\u00bb max_width=\u00bb1492px\u00bb max_width_tablet=\u00bb90%\u00bb max_width_phone=\u00bb90%\u00bb max_width_last_edited=\u00bboff|desktop\u00bb custom_padding=\u00bb19px||0px|||\u00bb global_colors_info=\u00bb{}\u00bb][et_pb_column type=\u00bb1_3&#8243; _builder_version=\u00bb4.16&#8243; animation_direction=\u00bbleft\u00bb global_colors_info=\u00bb{}\u00bb][et_pb_image src=\u00bbhttps:\/\/www.francoperuana.com\/fr\/wp-content\/uploads\/2025\/07\/01-TRANSFORMACION.jpg\u00bb title_text=\u00bb01-TRANSFORMACION\u00bb align=\u00bbcenter\u00bb _builder_version=\u00bb4.27.4&#8243; global_colors_info=\u00bb{}\u00bb][\/et_pb_image][et_pb_text _builder_version=\u00bb4.27.4&#8243; text_font=\u00bbPoppins||||||||\u00bb text_text_color=\u00bb#ffffff\u00bb text_font_size=\u00bb0px\u00bb text_line_height=\u00bb1em\u00bb header_font=\u00bbPlus Jakarta Sans|700|||||||\u00bb header_text_color=\u00bb#000000&#8243; header_font_size=\u00bb19px\u00bb header_line_height=\u00bb0.7em\u00bb background_color=\u00bb#ffffff\u00bb transform_translate_linked__hover=\u00bboff\u00bb z_index=\u00bb999999999&#8243; text_orientation=\u00bbcenter\u00bb max_width=\u00bb84%\u00bb module_alignment=\u00bbcenter\u00bb custom_margin=\u00bb-48px|||||\u00bb custom_padding=\u00bb26px|43px|14px|43px|false|true\u00bb link_option_url=\u00bbhttps:\/\/www.francoperuana.com\/fr\/transformation-des\/\u00bb border_width_bottom=\u00bb5px\u00bb border_color_bottom=\u00bb#383838&#8243; box_shadow_style=\u00bbpreset1&#8243; box_shadow_vertical=\u00bb0px\u00bb box_shadow_blur=\u00bb17px\u00bb box_shadow_color=\u00bbrgba(104,104,104,0.3)\u00bb text_text_align=\u00bbcenter\u00bb global_colors_info=\u00bb{}\u00bb text_font_size__hover_enabled=\u00bbon\u00bb text_font_size__hover=\u00bb16px\u00bb text_line_height__hover_enabled=\u00bboff|desktop\u00bb text_line_height__hover=\u00bb1.8em\u00bb transform_translate__hover=\u00bb0px|-90px\u00bb text_text_color__hover_enabled=\u00bbon|hover\u00bb text_text_color__hover=\u00bb#8a90ac\u00bb custom_padding__hover_enabled=\u00bboff|hover\u00bb custom_padding__hover=\u00bb23px||25px\u00bb custom_margin__hover_enabled=\u00bbon|desktop\u00bb custom_margin__hover=\u00bb-63px||||false|false\u00bb header_text_color__hover_enabled=\u00bboff|desktop\u00bb header_text_color__hover=\u00bb#ffffff\u00bb background_color__hover=\u00bb#f97534&#8243; background_enable_color__hover=\u00bbon\u00bb background__hover_enabled=\u00bboff|desktop\u00bb]<\/p>\n<h1>Transformation Des<\/h1>\n<h1>Entreprises<\/h1>\n<p>[\/et_pb_text][\/et_pb_column][et_pb_column type=\u00bb1_3&#8243; _builder_version=\u00bb4.16&#8243; animation_direction=\u00bbleft\u00bb global_colors_info=\u00bb{}\u00bb][et_pb_image src=\u00bbhttps:\/\/www.francoperuana.com\/fr\/wp-content\/uploads\/2025\/07\/02-GESTION.jpg\u00bb title_text=\u00bb02&#8211;GESTION\u00bb align=\u00bbcenter\u00bb _builder_version=\u00bb4.27.4&#8243; global_colors_info=\u00bb{}\u00bb][\/et_pb_image][et_pb_text _builder_version=\u00bb4.27.4&#8243; text_font=\u00bbPlus Jakarta Sans|700|||||||\u00bb text_text_color=\u00bb#ffffff\u00bb text_font_size=\u00bb0px\u00bb text_line_height=\u00bb1em\u00bb header_font=\u00bbPlus Jakarta Sans|700|||||||\u00bb header_text_color=\u00bb#000000&#8243; header_font_size=\u00bb19px\u00bb header_line_height=\u00bb1.2em\u00bb background_color=\u00bb#ffffff\u00bb transform_translate_linked__hover=\u00bboff\u00bb z_index=\u00bb999999999&#8243; text_orientation=\u00bbcenter\u00bb max_width=\u00bb84%\u00bb module_alignment=\u00bbcenter\u00bb custom_margin=\u00bb-48px|||||\u00bb custom_padding=\u00bb18px|41px|14px|41px|false|true\u00bb link_option_url=\u00bbhttps:\/\/www.francoperuana.com\/fr\/gestion-et-developpement-de-nouvelles-entreprises\/\u00bb border_width_bottom=\u00bb5px\u00bb border_color_bottom=\u00bb#383838&#8243; box_shadow_style=\u00bbpreset1&#8243; box_shadow_vertical=\u00bb0px\u00bb box_shadow_blur=\u00bb17px\u00bb box_shadow_color=\u00bbrgba(104,104,104,0.3)\u00bb text_text_align=\u00bbcenter\u00bb global_colors_info=\u00bb{}\u00bb text_font_size__hover_enabled=\u00bbon\u00bb text_font_size__hover=\u00bb16px\u00bb text_line_height__hover_enabled=\u00bbon\u00bb text_line_height__hover=\u00bb1.8em\u00bb transform_translate__hover=\u00bb0px|-90px\u00bb text_text_color__hover_enabled=\u00bbon|hover\u00bb text_text_color__hover=\u00bb#8a90ac\u00bb custom_padding__hover_enabled=\u00bboff|hover\u00bb custom_padding__hover=\u00bb23px||25px\u00bb custom_margin__hover_enabled=\u00bbon|desktop\u00bb custom_margin__hover=\u00bb-63px||||false|false\u00bb header_text_color__hover_enabled=\u00bboff|desktop\u00bb header_text_color__hover=\u00bb#ffffff\u00bb background_color__hover=\u00bb#f97534&#8243; background_enable_color__hover=\u00bbon\u00bb background__hover_enabled=\u00bboff|desktop\u00bb]<\/p>\n<h1>Gestion Et D\u00e9veloppement De Nouvelles Entreprises<\/h1>\n<p>[\/et_pb_text][\/et_pb_column][et_pb_column type=\u00bb1_3&#8243; _builder_version=\u00bb4.16&#8243; animation_direction=\u00bbleft\u00bb global_colors_info=\u00bb{}\u00bb][et_pb_image src=\u00bbhttps:\/\/www.francoperuana.com\/fr\/wp-content\/uploads\/2025\/07\/03-CREACION.jpg\u00bb title_text=\u00bb03-CREACION\u00bb align=\u00bbcenter\u00bb _builder_version=\u00bb4.27.4&#8243; global_colors_info=\u00bb{}\u00bb][\/et_pb_image][et_pb_text _builder_version=\u00bb4.27.4&#8243; text_font=\u00bbPoppins||||||||\u00bb text_text_color=\u00bb#ffffff\u00bb text_font_size=\u00bb0px\u00bb text_line_height=\u00bb1em\u00bb header_font=\u00bbPlus Jakarta Sans|700|||||||\u00bb header_text_color=\u00bb#000000&#8243; header_font_size=\u00bb19px\u00bb header_line_height=\u00bb0.7em\u00bb background_color=\u00bb#ffffff\u00bb transform_translate_linked__hover=\u00bboff\u00bb z_index=\u00bb999999999&#8243; text_orientation=\u00bbcenter\u00bb max_width=\u00bb84%\u00bb module_alignment=\u00bbcenter\u00bb custom_margin=\u00bb-48px|||||\u00bb custom_padding=\u00bb26px|43px|14px|43px|false|true\u00bb link_option_url=\u00bbhttps:\/\/www.francoperuana.com\/fr\/creation-dentreprise\/\u00bb border_width_bottom=\u00bb5px\u00bb border_color_bottom=\u00bb#383838&#8243; box_shadow_style=\u00bbpreset1&#8243; box_shadow_vertical=\u00bb0px\u00bb box_shadow_blur=\u00bb17px\u00bb box_shadow_color=\u00bbrgba(104,104,104,0.3)\u00bb text_text_align=\u00bbcenter\u00bb global_colors_info=\u00bb{}\u00bb text_font_size__hover_enabled=\u00bbon\u00bb text_font_size__hover=\u00bb16px\u00bb text_line_height__hover_enabled=\u00bbon\u00bb text_line_height__hover=\u00bb1.8em\u00bb transform_translate__hover=\u00bb0px|-90px\u00bb text_text_color__hover_enabled=\u00bbon|hover\u00bb text_text_color__hover=\u00bb#8a90ac\u00bb custom_padding__hover_enabled=\u00bboff|hover\u00bb custom_padding__hover=\u00bb23px||25px\u00bb custom_margin__hover_enabled=\u00bbon|desktop\u00bb custom_margin__hover=\u00bb-63px||||false|false\u00bb header_text_color__hover_enabled=\u00bboff|desktop\u00bb header_text_color__hover=\u00bb#ffffff\u00bb background_color__hover=\u00bb#f97534&#8243; background_enable_color__hover=\u00bbon\u00bb background__hover_enabled=\u00bboff|desktop\u00bb]<\/p>\n<h1>Cr\u00e9ation<\/h1>\n<h1>d&#8217;entreprise<\/h1>\n<p>[\/et_pb_text][\/et_pb_column][\/et_pb_row][et_pb_row column_structure=\u00bb1_3,1_3,1_3&#8243; use_custom_gutter=\u00bbon\u00bb gutter_width=\u00bb2&#8243; make_equal=\u00bbon\u00bb _builder_version=\u00bb4.27.4&#8243; width=\u00bb88%\u00bb width_tablet=\u00bb90%\u00bb width_phone=\u00bb90%\u00bb width_last_edited=\u00bboff|desktop\u00bb max_width=\u00bb1492px\u00bb max_width_tablet=\u00bb90%\u00bb max_width_phone=\u00bb90%\u00bb max_width_last_edited=\u00bboff|desktop\u00bb custom_margin=\u00bb34px|auto||auto||\u00bb custom_padding=\u00bb19px||0px|||\u00bb global_colors_info=\u00bb{}\u00bb][et_pb_column type=\u00bb1_3&#8243; _builder_version=\u00bb4.16&#8243; animation_direction=\u00bbleft\u00bb global_colors_info=\u00bb{}\u00bb][et_pb_image src=\u00bbhttps:\/\/www.francoperuana.com\/fr\/wp-content\/uploads\/2025\/07\/04-CONTRATOS.jpg\u00bb title_text=\u00bb04-CONTRATOS\u00bb align=\u00bbcenter\u00bb _builder_version=\u00bb4.27.4&#8243; global_colors_info=\u00bb{}\u00bb][\/et_pb_image][et_pb_text _builder_version=\u00bb4.27.4&#8243; text_font=\u00bbPoppins||||||||\u00bb text_text_color=\u00bb#ffffff\u00bb text_font_size=\u00bb0px\u00bb text_line_height=\u00bb1em\u00bb header_font=\u00bbPlus Jakarta Sans|700|||||||\u00bb header_text_color=\u00bb#000000&#8243; header_font_size=\u00bb19px\u00bb header_line_height=\u00bb0.7em\u00bb background_color=\u00bb#ffffff\u00bb transform_translate_linked__hover=\u00bboff\u00bb z_index=\u00bb999999999&#8243; text_orientation=\u00bbcenter\u00bb max_width=\u00bb84%\u00bb module_alignment=\u00bbcenter\u00bb custom_margin=\u00bb-48px|||||\u00bb custom_padding=\u00bb26px|43px|14px|43px|false|true\u00bb link_option_url=\u00bbhttps:\/\/www.francoperuana.com\/fr\/contrats-internationaux\/\u00bb border_width_bottom=\u00bb5px\u00bb border_color_bottom=\u00bb#383838&#8243; box_shadow_style=\u00bbpreset1&#8243; box_shadow_vertical=\u00bb0px\u00bb box_shadow_blur=\u00bb17px\u00bb box_shadow_color=\u00bbrgba(104,104,104,0.3)\u00bb text_text_align=\u00bbcenter\u00bb global_colors_info=\u00bb{}\u00bb text_font_size__hover_enabled=\u00bbon\u00bb text_font_size__hover=\u00bb16px\u00bb text_line_height__hover_enabled=\u00bboff|desktop\u00bb text_line_height__hover=\u00bb1.8em\u00bb transform_translate__hover=\u00bb0px|-90px\u00bb text_text_color__hover_enabled=\u00bbon|hover\u00bb text_text_color__hover=\u00bb#8a90ac\u00bb custom_padding__hover_enabled=\u00bboff|hover\u00bb custom_padding__hover=\u00bb23px||25px\u00bb custom_margin__hover_enabled=\u00bbon|desktop\u00bb custom_margin__hover=\u00bb-63px||||false|false\u00bb header_text_color__hover_enabled=\u00bboff|desktop\u00bb header_text_color__hover=\u00bb#ffffff\u00bb background_color__hover=\u00bb#f97534&#8243; background_enable_color__hover=\u00bbon\u00bb background__hover_enabled=\u00bboff|desktop\u00bb]<\/p>\n<h1>Contrats<\/h1>\n<h1>Internationaux<\/h1>\n<p>[\/et_pb_text][\/et_pb_column][et_pb_column type=\u00bb1_3&#8243; _builder_version=\u00bb4.16&#8243; animation_direction=\u00bbleft\u00bb global_colors_info=\u00bb{}\u00bb][et_pb_image src=\u00bbhttps:\/\/www.francoperuana.com\/fr\/wp-content\/uploads\/2025\/07\/05-SOURCING.jpg\u00bb title_text=\u00bb05-SOURCING\u00bb align=\u00bbcenter\u00bb _builder_version=\u00bb4.27.4&#8243; global_colors_info=\u00bb{}\u00bb][\/et_pb_image][et_pb_text _builder_version=\u00bb4.27.4&#8243; text_font=\u00bbPoppins||||||||\u00bb text_text_color=\u00bb#ffffff\u00bb text_font_size=\u00bb0px\u00bb text_line_height=\u00bb1em\u00bb header_font=\u00bbPlus Jakarta Sans|700|||||||\u00bb header_text_color=\u00bb#000000&#8243; header_font_size=\u00bb18px\u00bb header_line_height=\u00bb1.2em\u00bb background_color=\u00bb#ffffff\u00bb transform_translate_linked__hover=\u00bboff\u00bb z_index=\u00bb999999999&#8243; text_orientation=\u00bbcenter\u00bb max_width=\u00bb84%\u00bb module_alignment=\u00bbcenter\u00bb custom_margin=\u00bb-48px|||||\u00bb custom_padding=\u00bb18px|41px|14px|41px|false|true\u00bb link_option_url=\u00bbhttps:\/\/www.francoperuana.com\/fr\/sourcing-et-conseil-aux-fournisseurs-clients\/\u00bb border_width_bottom=\u00bb5px\u00bb border_color_bottom=\u00bb#383838&#8243; box_shadow_style=\u00bbpreset1&#8243; box_shadow_vertical=\u00bb0px\u00bb box_shadow_blur=\u00bb17px\u00bb box_shadow_color=\u00bbrgba(104,104,104,0.3)\u00bb text_text_align=\u00bbcenter\u00bb global_colors_info=\u00bb{}\u00bb text_font_size__hover_enabled=\u00bboff|desktop\u00bb text_font_size__hover=\u00bb16px\u00bb text_line_height__hover_enabled=\u00bbon\u00bb text_line_height__hover=\u00bb1.8em\u00bb transform_translate__hover=\u00bb0px|-90px\u00bb text_text_color__hover_enabled=\u00bbon|hover\u00bb text_text_color__hover=\u00bb#8a90ac\u00bb custom_padding__hover_enabled=\u00bboff|hover\u00bb custom_padding__hover=\u00bb23px||25px\u00bb custom_margin__hover_enabled=\u00bbon|desktop\u00bb custom_margin__hover=\u00bb-63px||||false|false\u00bb header_text_color__hover_enabled=\u00bboff|desktop\u00bb header_text_color__hover=\u00bb#ffffff\u00bb background_color__hover=\u00bb#f97534&#8243; background_enable_color__hover=\u00bbon\u00bb background__hover_enabled=\u00bboff|desktop\u00bb]<\/p>\n<h1>Sourcing Et Conseil Aux Fournisseurs\/Clients<\/h1>\n<p>[\/et_pb_text][\/et_pb_column][et_pb_column type=\u00bb1_3&#8243; _builder_version=\u00bb4.16&#8243; animation_direction=\u00bbleft\u00bb global_colors_info=\u00bb{}\u00bb][et_pb_image src=\u00bbhttps:\/\/www.francoperuana.com\/fr\/wp-content\/uploads\/2025\/07\/06-FINANCIACION.jpg\u00bb title_text=\u00bb06-FINANCIACION\u00bb align=\u00bbcenter\u00bb _builder_version=\u00bb4.27.4&#8243; global_colors_info=\u00bb{}\u00bb][\/et_pb_image][et_pb_text _builder_version=\u00bb4.27.4&#8243; text_font=\u00bbPoppins||||||||\u00bb text_text_color=\u00bb#ffffff\u00bb text_font_size=\u00bb0px\u00bb text_line_height=\u00bb1em\u00bb header_font=\u00bbPlus Jakarta Sans|700|||||||\u00bb header_text_color=\u00bb#000000&#8243; header_font_size=\u00bb19px\u00bb header_line_height=\u00bb1.2em\u00bb background_color=\u00bb#ffffff\u00bb transform_translate_linked__hover=\u00bboff\u00bb z_index=\u00bb999999999&#8243; text_orientation=\u00bbcenter\u00bb max_width=\u00bb84%\u00bb module_alignment=\u00bbcenter\u00bb custom_margin=\u00bb-48px|||||\u00bb custom_padding=\u00bb15px|43px|14px|43px|false|true\u00bb link_option_url=\u00bbhttps:\/\/www.francoperuana.com\/fr\/financement-de-projets-durables\/\u00bb border_width_bottom=\u00bb5px\u00bb border_color_bottom=\u00bb#383838&#8243; box_shadow_style=\u00bbpreset1&#8243; box_shadow_vertical=\u00bb0px\u00bb box_shadow_blur=\u00bb17px\u00bb box_shadow_color=\u00bbrgba(104,104,104,0.3)\u00bb text_text_align=\u00bbcenter\u00bb global_colors_info=\u00bb{}\u00bb text_font_size__hover_enabled=\u00bbon\u00bb text_font_size__hover=\u00bb16px\u00bb text_line_height__hover_enabled=\u00bbon\u00bb text_line_height__hover=\u00bb1.8em\u00bb transform_translate__hover=\u00bb0px|-90px\u00bb text_text_color__hover_enabled=\u00bbon|hover\u00bb text_text_color__hover=\u00bb#8a90ac\u00bb custom_padding__hover_enabled=\u00bboff|hover\u00bb custom_padding__hover=\u00bb23px||25px\u00bb custom_margin__hover_enabled=\u00bbon|desktop\u00bb custom_margin__hover=\u00bb-63px||||false|false\u00bb header_text_color__hover_enabled=\u00bboff|desktop\u00bb header_text_color__hover=\u00bb#ffffff\u00bb background_color__hover=\u00bb#f97534&#8243; background_enable_color__hover=\u00bbon\u00bb background__hover_enabled=\u00bboff|desktop\u00bb]<\/p>\n<h1>Financement De Projets Durables<\/h1>\n<p>[\/et_pb_text][\/et_pb_column][\/et_pb_row][et_pb_row column_structure=\u00bb1_3,1_3,1_3&#8243; use_custom_gutter=\u00bbon\u00bb gutter_width=\u00bb2&#8243; make_equal=\u00bbon\u00bb _builder_version=\u00bb4.27.4&#8243; width=\u00bb88%\u00bb width_tablet=\u00bb90%\u00bb width_phone=\u00bb90%\u00bb width_last_edited=\u00bboff|desktop\u00bb max_width=\u00bb1492px\u00bb max_width_tablet=\u00bb90%\u00bb max_width_phone=\u00bb90%\u00bb max_width_last_edited=\u00bboff|desktop\u00bb custom_margin=\u00bb34px|auto||auto||\u00bb custom_padding=\u00bb19px||0px|||\u00bb global_colors_info=\u00bb{}\u00bb][et_pb_column type=\u00bb1_3&#8243; _builder_version=\u00bb4.16&#8243; animation_direction=\u00bbleft\u00bb global_colors_info=\u00bb{}\u00bb][et_pb_image src=\u00bbhttps:\/\/www.francoperuana.com\/fr\/wp-content\/uploads\/2025\/07\/07-CERTIFICACION.jpg\u00bb title_text=\u00bb07-CERTIFICACION\u00bb align=\u00bbcenter\u00bb _builder_version=\u00bb4.27.4&#8243; global_colors_info=\u00bb{}\u00bb][\/et_pb_image][et_pb_text _builder_version=\u00bb4.27.4&#8243; text_font=\u00bbPoppins||||||||\u00bb text_text_color=\u00bb#ffffff\u00bb text_font_size=\u00bb0px\u00bb text_line_height=\u00bb1em\u00bb header_font=\u00bbPlus Jakarta Sans|700|||||||\u00bb header_text_color=\u00bb#000000&#8243; header_font_size=\u00bb17px\u00bb header_line_height=\u00bb1.1em\u00bb background_color=\u00bb#ffffff\u00bb transform_translate_linked__hover=\u00bboff\u00bb z_index=\u00bb999999999&#8243; text_orientation=\u00bbcenter\u00bb max_width=\u00bb84%\u00bb module_alignment=\u00bbcenter\u00bb custom_margin=\u00bb-48px|||||\u00bb custom_padding=\u00bb23px|43px|14px|43px|false|true\u00bb link_option_url=\u00bbhttps:\/\/www.francoperuana.com\/fr\/certification-internationale-pour-lexportation-vers-leurope\/\u00bb border_width_bottom=\u00bb5px\u00bb border_color_bottom=\u00bb#383838&#8243; box_shadow_style=\u00bbpreset1&#8243; box_shadow_vertical=\u00bb0px\u00bb box_shadow_blur=\u00bb17px\u00bb box_shadow_color=\u00bbrgba(104,104,104,0.3)\u00bb text_text_align=\u00bbcenter\u00bb global_colors_info=\u00bb{}\u00bb text_font_size__hover_enabled=\u00bbon\u00bb text_font_size__hover=\u00bb16px\u00bb text_line_height__hover_enabled=\u00bboff|desktop\u00bb text_line_height__hover=\u00bb1.8em\u00bb transform_translate__hover=\u00bb0px|-90px\u00bb text_text_color__hover_enabled=\u00bbon|hover\u00bb text_text_color__hover=\u00bb#8a90ac\u00bb custom_padding__hover_enabled=\u00bboff|hover\u00bb custom_padding__hover=\u00bb23px||25px\u00bb custom_margin__hover_enabled=\u00bbon|desktop\u00bb custom_margin__hover=\u00bb-63px||||false|false\u00bb header_text_color__hover_enabled=\u00bboff|desktop\u00bb header_text_color__hover=\u00bb#ffffff\u00bb background_color__hover=\u00bb#f97534&#8243; background_enable_color__hover=\u00bbon\u00bb background__hover_enabled=\u00bboff|desktop\u00bb]<\/p>\n<h1>Certification Internationale Pour L&#8217;Exportation Vers L&#8217;Europe<\/h1>\n<p>[\/et_pb_text][\/et_pb_column][et_pb_column type=\u00bb1_3&#8243; _builder_version=\u00bb4.16&#8243; animation_direction=\u00bbleft\u00bb global_colors_info=\u00bb{}\u00bb][et_pb_image src=\u00bbhttps:\/\/www.francoperuana.com\/fr\/wp-content\/uploads\/2025\/07\/08-JOINT.jpg\u00bb title_text=\u00bb08-JOINT\u00bb align=\u00bbcenter\u00bb _builder_version=\u00bb4.27.4&#8243; global_colors_info=\u00bb{}\u00bb][\/et_pb_image][et_pb_text _builder_version=\u00bb4.27.4&#8243; text_font=\u00bbPoppins||||||||\u00bb text_text_color=\u00bb#ffffff\u00bb text_font_size=\u00bb0px\u00bb text_line_height=\u00bb1em\u00bb header_font=\u00bbPlus Jakarta Sans|700|||||||\u00bb header_text_color=\u00bb#000000&#8243; header_font_size=\u00bb19px\u00bb header_line_height=\u00bb0.7em\u00bb background_color=\u00bb#ffffff\u00bb transform_translate_linked__hover=\u00bboff\u00bb z_index=\u00bb999999999&#8243; text_orientation=\u00bbcenter\u00bb max_width=\u00bb84%\u00bb module_alignment=\u00bbcenter\u00bb custom_margin=\u00bb-48px|||||\u00bb custom_padding=\u00bb33px|43px|23px|43px|false|true\u00bb link_option_url=\u00bbhttps:\/\/www.francoperuana.com\/fr\/coentreprises\/\u00bb border_width_bottom=\u00bb5px\u00bb border_color_bottom=\u00bb#383838&#8243; box_shadow_style=\u00bbpreset1&#8243; box_shadow_vertical=\u00bb0px\u00bb box_shadow_blur=\u00bb17px\u00bb box_shadow_color=\u00bbrgba(104,104,104,0.3)\u00bb text_text_align=\u00bbcenter\u00bb global_colors_info=\u00bb{}\u00bb text_font_size__hover_enabled=\u00bbon\u00bb text_font_size__hover=\u00bb16px\u00bb text_line_height__hover_enabled=\u00bbon\u00bb text_line_height__hover=\u00bb1.8em\u00bb transform_translate__hover=\u00bb0px|-90px\u00bb text_text_color__hover_enabled=\u00bbon|hover\u00bb text_text_color__hover=\u00bb#8a90ac\u00bb custom_padding__hover_enabled=\u00bboff|hover\u00bb custom_padding__hover=\u00bb23px||25px\u00bb custom_margin__hover_enabled=\u00bbon|desktop\u00bb custom_margin__hover=\u00bb-63px||||false|false\u00bb header_text_color__hover_enabled=\u00bboff|desktop\u00bb header_text_color__hover=\u00bb#ffffff\u00bb background_color__hover=\u00bb#f97534&#8243; background_enable_color__hover=\u00bbon\u00bb background__hover_enabled=\u00bboff|desktop\u00bb]<\/p>\n<h1>Coentreprises<\/h1>\n<p>[\/et_pb_text][\/et_pb_column][et_pb_column type=\u00bb1_3&#8243; _builder_version=\u00bb4.16&#8243; animation_direction=\u00bbleft\u00bb global_colors_info=\u00bb{}\u00bb][et_pb_image src=\u00bbhttps:\/\/www.francoperuana.com\/fr\/wp-content\/uploads\/2025\/07\/09-FUSIONES.jpg\u00bb title_text=\u00bb09-FUSIONES\u00bb align=\u00bbcenter\u00bb _builder_version=\u00bb4.27.4&#8243; global_colors_info=\u00bb{}\u00bb][\/et_pb_image][et_pb_text _builder_version=\u00bb4.27.4&#8243; text_font=\u00bbPoppins||||||||\u00bb text_text_color=\u00bb#ffffff\u00bb text_font_size=\u00bb0px\u00bb text_line_height=\u00bb1em\u00bb header_font=\u00bbPlus Jakarta Sans|700|||||||\u00bb header_text_color=\u00bb#000000&#8243; header_font_size=\u00bb19px\u00bb header_line_height=\u00bb0.7em\u00bb background_color=\u00bb#ffffff\u00bb transform_translate_linked__hover=\u00bboff\u00bb z_index=\u00bb999999999&#8243; text_orientation=\u00bbcenter\u00bb max_width=\u00bb84%\u00bb module_alignment=\u00bbcenter\u00bb custom_margin=\u00bb-48px|||||\u00bb custom_padding=\u00bb26px|43px|14px|43px|false|true\u00bb link_option_url=\u00bbhttps:\/\/www.francoperuana.com\/fr\/fusions-et-acquisitions\/\u00bb border_width_bottom=\u00bb5px\u00bb border_color_bottom=\u00bb#383838&#8243; box_shadow_style=\u00bbpreset1&#8243; box_shadow_vertical=\u00bb0px\u00bb box_shadow_blur=\u00bb17px\u00bb box_shadow_color=\u00bbrgba(104,104,104,0.3)\u00bb text_text_align=\u00bbcenter\u00bb global_colors_info=\u00bb{}\u00bb text_font_size__hover_enabled=\u00bbon\u00bb text_font_size__hover=\u00bb16px\u00bb text_line_height__hover_enabled=\u00bbon\u00bb text_line_height__hover=\u00bb1.8em\u00bb transform_translate__hover=\u00bb0px|-90px\u00bb text_text_color__hover_enabled=\u00bbon|hover\u00bb text_text_color__hover=\u00bb#8a90ac\u00bb custom_padding__hover_enabled=\u00bboff|hover\u00bb custom_padding__hover=\u00bb23px||25px\u00bb custom_margin__hover_enabled=\u00bbon|desktop\u00bb custom_margin__hover=\u00bb-63px||||false|false\u00bb header_text_color__hover_enabled=\u00bboff|desktop\u00bb header_text_color__hover=\u00bb#ffffff\u00bb background_color__hover=\u00bb#f97534&#8243; background_enable_color__hover=\u00bbon\u00bb background__hover_enabled=\u00bboff|desktop\u00bb]<\/p>\n<h1>Fusions Et<\/h1>\n<h1>Acquisitions<\/h1>\n<p>[\/et_pb_text][\/et_pb_column][\/et_pb_row][\/et_pb_section]<\/p>\n","protected":false},"excerpt":{"rendered":"<p>D\u00e9couvrez Nos ServicesSolutions strat\u00e9giques pour les entreprises souhaitant se d\u00e9velopper, se transformer ou s&#8217;internationaliser.Transformation Des EntreprisesGestion Et D\u00e9veloppement De Nouvelles EntreprisesCr\u00e9ation d&#8217;entrepriseContrats InternationauxSourcing Et Conseil Aux Fournisseurs\/ClientsFinancement De Projets DurablesCertification Internationale Pour L&#8217;Exportation Vers L&#8217;EuropeCoentreprisesFusions Et Acquisitions<\/p>\n","protected":false},"author":1,"featured_media":0,"parent":0,"menu_order":0,"comment_status":"closed","ping_status":"closed","template":"","meta":{"_et_pb_use_builder":"on","_et_pb_old_content":"<!-- wp:divi\/placeholder \/-->","_et_gb_content_width":"","footnotes":""},"class_list":["post-26","page","type-page","status-publish","hentry"],"_links":{"self":[{"href":"https:\/\/www.francoperuana.com\/fr\/wp-json\/wp\/v2\/pages\/26","targetHints":{"allow":["GET"]}}],"collection":[{"href":"https:\/\/www.francoperuana.com\/fr\/wp-json\/wp\/v2\/pages"}],"about":[{"href":"https:\/\/www.francoperuana.com\/fr\/wp-json\/wp\/v2\/types\/page"}],"author":[{"embeddable":true,"href":"https:\/\/www.francoperuana.com\/fr\/wp-json\/wp\/v2\/users\/1"}],"replies":[{"embeddable":true,"href":"https:\/\/www.francoperuana.com\/fr\/wp-json\/wp\/v2\/comments?post=26"}],"version-history":[{"count":8,"href":"https:\/\/www.francoperuana.com\/fr\/wp-json\/wp\/v2\/pages\/26\/revisions"}],"predecessor-version":[{"id":177,"href":"https:\/\/www.francoperuana.com\/fr\/wp-json\/wp\/v2\/pages\/26\/revisions\/177"}],"wp:attachment":[{"href":"https:\/\/www.francoperuana.com\/fr\/wp-json\/wp\/v2\/media?parent=26"}],"curies":[{"name":"wp","href":"https:\/\/api.w.org\/{rel}","templated":true}]}}