{"id":164,"date":"2025-07-08T21:10:16","date_gmt":"2025-07-08T21:10:16","guid":{"rendered":"https:\/\/www.francoperuana.com\/fr\/?page_id=164"},"modified":"2025-07-08T21:13:59","modified_gmt":"2025-07-08T21:13:59","slug":"politique-relative-aux-cookies","status":"publish","type":"page","link":"https:\/\/www.francoperuana.com\/fr\/politique-relative-aux-cookies\/","title":{"rendered":"Politique relative aux cookies"},"content":{"rendered":"<p>[et_pb_section fb_built=\u00bb1&#8243; _builder_version=\u00bb4.27.4&#8243; _module_preset=\u00bbdefault\u00bb custom_padding=\u00bb||0px|||\u00bb global_colors_info=\u00bb{}\u00bb theme_builder_area=\u00bbpost_content\u00bb][et_pb_row _builder_version=\u00bb4.27.4&#8243; _module_preset=\u00bbdefault\u00bb custom_padding=\u00bb||60px|||\u00bb global_colors_info=\u00bb{}\u00bb theme_builder_area=\u00bbpost_content\u00bb][et_pb_column type=\u00bb4_4&#8243; _builder_version=\u00bb4.27.4&#8243; _module_preset=\u00bbdefault\u00bb global_colors_info=\u00bb{}\u00bb theme_builder_area=\u00bbpost_content\u00bb][et_pb_text _builder_version=\u00bb4.27.4&#8243; _module_preset=\u00bbdefault\u00bb text_font=\u00bbPlus Jakarta Sans|700|||||||\u00bb text_text_color=\u00bb#000000&#8243; text_font_size=\u00bb37px\u00bb hover_enabled=\u00bb0&#8243; global_colors_info=\u00bb{}\u00bb theme_builder_area=\u00bbpost_content\u00bb sticky_enabled=\u00bb0&#8243;]<\/p>\n<p style=\"text-align: center;\"><strong data-start=\"2918\" data-end=\"2952\">Politique relative aux Cookies<\/strong><\/p>\n<p>[\/et_pb_text][et_pb_text _builder_version=\u00bb4.27.4&#8243; _module_preset=\u00bbdefault\u00bb text_font=\u00bbPlus Jakarta Sans|300|||||||\u00bb text_text_color=\u00bb#000000&#8243; text_font_size=\u00bb15px\u00bb hover_enabled=\u00bb0&#8243; global_colors_info=\u00bb{}\u00bb theme_builder_area=\u00bbpost_content\u00bb sticky_enabled=\u00bb0&#8243;]<\/p>\n<p data-start=\"2918\" data-end=\"3179\" style=\"text-align: justify;\">Chez <strong data-start=\"2960\" data-end=\"2978\">Franco Peruana<\/strong>, nous utilisons des cookies pour am\u00e9liorer votre exp\u00e9rience et analyser l&#8217;utilisation du site. En utilisant notre site Web, vous consentez \u00e0 l&#8217;utilisation de cookies comme d\u00e9crit dans cette politique.<\/p>\n<p data-start=\"3181\" data-end=\"3398\" style=\"text-align: justify;\"><strong data-start=\"3181\" data-end=\"3215\">1. Qu&#8217;est-ce que les Cookies ?<\/strong><br data-start=\"3215\" data-end=\"3218\" \/>Les cookies sont de petits fichiers stock\u00e9s sur votre appareil qui nous aident \u00e0 am\u00e9liorer votre exp\u00e9rience en m\u00e9morisant vos pr\u00e9f\u00e9rences et en suivant vos habitudes de navigation.<\/p>\n<p data-start=\"3400\" data-end=\"3446\" style=\"text-align: justify;\"><strong data-start=\"3400\" data-end=\"3444\">2. Types de Cookies que Nous Utilisons :<\/strong><\/p>\n<ul data-start=\"3447\" data-end=\"3791\" style=\"text-align: justify;\">\n<li data-start=\"3447\" data-end=\"3525\">\n<p data-start=\"3449\" data-end=\"3525\"><strong data-start=\"3449\" data-end=\"3473\">Cookies Essentiels :<\/strong> N\u00e9cessaires pour le bon fonctionnement du site Web.<\/p>\n<\/li>\n<li data-start=\"3526\" data-end=\"3646\">\n<p data-start=\"3528\" data-end=\"3646\"><strong data-start=\"3528\" data-end=\"3556\">Cookies de Performance :<\/strong> Nous aident \u00e0 analyser l&#8217;utilisation du site afin d&#8217;am\u00e9liorer le contenu et les services.<\/p>\n<\/li>\n<li data-start=\"3647\" data-end=\"3791\">\n<p data-start=\"3649\" data-end=\"3791\"><strong data-start=\"3649\" data-end=\"3689\">Cookies de Publicit\u00e9\/Segmentations :<\/strong> Utilis\u00e9s pour diffuser des publicit\u00e9s personnalis\u00e9es en fonction de votre comportement de navigation.<\/p>\n<\/li>\n<\/ul>\n<p data-start=\"3793\" data-end=\"4032\" style=\"text-align: justify;\"><strong data-start=\"3793\" data-end=\"3819\">3. G\u00e9rer les Cookies :<\/strong><br data-start=\"3819\" data-end=\"3822\" \/>Vous pouvez contr\u00f4ler l&#8217;utilisation des cookies via les param\u00e8tres de votre navigateur. Vous pouvez choisir de bloquer ou de supprimer les cookies, mais cela peut affecter certaines fonctionnalit\u00e9s du site Web.<\/p>\n<p data-start=\"4034\" data-end=\"4242\" style=\"text-align: justify;\"><strong data-start=\"4034\" data-end=\"4059\">4. Cookies de Tiers :<\/strong><br data-start=\"4059\" data-end=\"4062\" \/>Nous pouvons utiliser des services tiers tels que Google Analytics, qui peuvent placer des cookies sur votre appareil \u00e0 des fins de suivi. Nous ne contr\u00f4lons pas ces cookies tiers.<\/p>\n<p>[\/et_pb_text][\/et_pb_column][\/et_pb_row][\/et_pb_section]<\/p>\n","protected":false},"excerpt":{"rendered":"<p>Politique relative aux CookiesChez Franco Peruana, nous utilisons des cookies pour am\u00e9liorer votre exp\u00e9rience et analyser l&#8217;utilisation du site. En utilisant notre site Web, vous consentez \u00e0 l&#8217;utilisation de cookies comme d\u00e9crit dans cette politique. 1. Qu&#8217;est-ce que les Cookies ?Les cookies sont de petits fichiers stock\u00e9s sur votre appareil qui nous aident \u00e0 am\u00e9liorer [&hellip;]<\/p>\n","protected":false},"author":1,"featured_media":0,"parent":0,"menu_order":0,"comment_status":"closed","ping_status":"closed","template":"","meta":{"_et_pb_use_builder":"on","_et_pb_old_content":"<!-- wp:divi\/placeholder \/-->","_et_gb_content_width":"","footnotes":""},"class_list":["post-164","page","type-page","status-publish","hentry"],"_links":{"self":[{"href":"https:\/\/www.francoperuana.com\/fr\/wp-json\/wp\/v2\/pages\/164","targetHints":{"allow":["GET"]}}],"collection":[{"href":"https:\/\/www.francoperuana.com\/fr\/wp-json\/wp\/v2\/pages"}],"about":[{"href":"https:\/\/www.francoperuana.com\/fr\/wp-json\/wp\/v2\/types\/page"}],"author":[{"embeddable":true,"href":"https:\/\/www.francoperuana.com\/fr\/wp-json\/wp\/v2\/users\/1"}],"replies":[{"embeddable":true,"href":"https:\/\/www.francoperuana.com\/fr\/wp-json\/wp\/v2\/comments?post=164"}],"version-history":[{"count":3,"href":"https:\/\/www.francoperuana.com\/fr\/wp-json\/wp\/v2\/pages\/164\/revisions"}],"predecessor-version":[{"id":167,"href":"https:\/\/www.francoperuana.com\/fr\/wp-json\/wp\/v2\/pages\/164\/revisions\/167"}],"wp:attachment":[{"href":"https:\/\/www.francoperuana.com\/fr\/wp-json\/wp\/v2\/media?parent=164"}],"curies":[{"name":"wp","href":"https:\/\/api.w.org\/{rel}","templated":true}]}}