{"id":160,"date":"2025-07-08T21:04:20","date_gmt":"2025-07-08T21:04:20","guid":{"rendered":"https:\/\/www.francoperuana.com\/fr\/?page_id=160"},"modified":"2025-07-08T21:07:55","modified_gmt":"2025-07-08T21:07:55","slug":"conditions-generales","status":"publish","type":"page","link":"https:\/\/www.francoperuana.com\/fr\/conditions-generales\/","title":{"rendered":"Conditions G\u00e9n\u00e9rales"},"content":{"rendered":"<p>[et_pb_section fb_built=\u00bb1&#8243; _builder_version=\u00bb4.27.4&#8243; _module_preset=\u00bbdefault\u00bb global_colors_info=\u00bb{}\u00bb theme_builder_area=\u00bbpost_content\u00bb custom_padding=\u00bb||0px|||\u00bb][et_pb_row _builder_version=\u00bb4.27.4&#8243; _module_preset=\u00bbdefault\u00bb custom_padding=\u00bb||60px|||\u00bb global_colors_info=\u00bb{}\u00bb theme_builder_area=\u00bbpost_content\u00bb][et_pb_column type=\u00bb4_4&#8243; _builder_version=\u00bb4.27.4&#8243; _module_preset=\u00bbdefault\u00bb global_colors_info=\u00bb{}\u00bb theme_builder_area=\u00bbpost_content\u00bb][et_pb_text _builder_version=\u00bb4.27.4&#8243; _module_preset=\u00bbdefault\u00bb text_font=\u00bbPlus Jakarta Sans|700|||||||\u00bb text_text_color=\u00bb#000000&#8243; text_font_size=\u00bb37px\u00bb hover_enabled=\u00bb0&#8243; global_colors_info=\u00bb{}\u00bb theme_builder_area=\u00bbpost_content\u00bb sticky_enabled=\u00bb0&#8243;]<\/p>\n<p style=\"text-align: center;\"><strong data-start=\"1772\" data-end=\"1796\">Conditions G\u00e9n\u00e9rales<\/strong><\/p>\n<p>[\/et_pb_text][et_pb_text _builder_version=\u00bb4.27.4&#8243; _module_preset=\u00bbdefault\u00bb text_font=\u00bbPlus Jakarta Sans|300|||||||\u00bb text_text_color=\u00bb#000000&#8243; text_font_size=\u00bb15px\u00bb hover_enabled=\u00bb0&#8243; global_colors_info=\u00bb{}\u00bb theme_builder_area=\u00bbpost_content\u00bb sticky_enabled=\u00bb0&#8243;]<\/p>\n<p data-start=\"1772\" data-end=\"1893\">En utilisant ce site Web, vous acceptez de vous conformer aux conditions g\u00e9n\u00e9rales suivantes :<\/p>\n<p data-start=\"1895\" data-end=\"2036\"><strong data-start=\"1895\" data-end=\"1927\">1. Utilisation du Site Web :<\/strong><br data-start=\"1927\" data-end=\"1930\" \/>Vous pouvez utiliser le site Web uniquement \u00e0 des fins l\u00e9gales et conform\u00e9ment \u00e0 ces conditions g\u00e9n\u00e9rales.<\/p>\n<p data-start=\"2038\" data-end=\"2253\"><strong data-start=\"2038\" data-end=\"2071\">2. Propri\u00e9t\u00e9 Intellectuelle :<\/strong><br data-start=\"2071\" data-end=\"2074\" \/>Tout le contenu du site Web, y compris les textes, graphiques, logos et images, est la propri\u00e9t\u00e9 de <strong data-start=\"2174\" data-end=\"2192\">Franco Peruana<\/strong> et est prot\u00e9g\u00e9 par les lois sur la propri\u00e9t\u00e9 intellectuelle.<\/p>\n<p data-start=\"2255\" data-end=\"2517\"><strong data-start=\"2255\" data-end=\"2293\">3. Informations sur les Produits :<\/strong><br data-start=\"2293\" data-end=\"2296\" \/>Nous nous effor\u00e7ons de fournir des informations pr\u00e9cises sur les produits, mais nous ne garantissons pas l&#8217;exactitude ou l&#8217;exhaustivit\u00e9 de ces informations. Les prix et la disponibilit\u00e9 peuvent \u00eatre modifi\u00e9s sans pr\u00e9avis.<\/p>\n<p data-start=\"2519\" data-end=\"2759\"><strong data-start=\"2519\" data-end=\"2556\">4. Limitation de Responsabilit\u00e9 :<\/strong><br data-start=\"2556\" data-end=\"2559\" \/>Nous ne sommes pas responsables des dommages ou pertes r\u00e9sultant de l&#8217;utilisation du site Web, y compris mais sans s&#8217;y limiter, la perte de profits, la perte de donn\u00e9es ou d&#8217;autres pertes financi\u00e8res.<\/p>\n<p data-start=\"2761\" data-end=\"2911\"><strong data-start=\"2761\" data-end=\"2784\">5. Loi Applicable :<\/strong><br data-start=\"2784\" data-end=\"2787\" \/>Ces conditions g\u00e9n\u00e9rales sont r\u00e9gies par les lois de [pays\/\u00e9tat], et tout litige sera r\u00e9solu dans la juridiction appropri\u00e9e.<\/p>\n<p>[\/et_pb_text][\/et_pb_column][\/et_pb_row][\/et_pb_section]<\/p>\n","protected":false},"excerpt":{"rendered":"<p>Conditions G\u00e9n\u00e9ralesEn utilisant ce site Web, vous acceptez de vous conformer aux conditions g\u00e9n\u00e9rales suivantes : 1. Utilisation du Site Web :Vous pouvez utiliser le site Web uniquement \u00e0 des fins l\u00e9gales et conform\u00e9ment \u00e0 ces conditions g\u00e9n\u00e9rales. 2. Propri\u00e9t\u00e9 Intellectuelle :Tout le contenu du site Web, y compris les textes, graphiques, logos et images, [&hellip;]<\/p>\n","protected":false},"author":1,"featured_media":0,"parent":0,"menu_order":0,"comment_status":"closed","ping_status":"closed","template":"","meta":{"_et_pb_use_builder":"on","_et_pb_old_content":"<!-- wp:divi\/placeholder \/-->","_et_gb_content_width":"","footnotes":""},"class_list":["post-160","page","type-page","status-publish","hentry"],"_links":{"self":[{"href":"https:\/\/www.francoperuana.com\/fr\/wp-json\/wp\/v2\/pages\/160","targetHints":{"allow":["GET"]}}],"collection":[{"href":"https:\/\/www.francoperuana.com\/fr\/wp-json\/wp\/v2\/pages"}],"about":[{"href":"https:\/\/www.francoperuana.com\/fr\/wp-json\/wp\/v2\/types\/page"}],"author":[{"embeddable":true,"href":"https:\/\/www.francoperuana.com\/fr\/wp-json\/wp\/v2\/users\/1"}],"replies":[{"embeddable":true,"href":"https:\/\/www.francoperuana.com\/fr\/wp-json\/wp\/v2\/comments?post=160"}],"version-history":[{"count":3,"href":"https:\/\/www.francoperuana.com\/fr\/wp-json\/wp\/v2\/pages\/160\/revisions"}],"predecessor-version":[{"id":163,"href":"https:\/\/www.francoperuana.com\/fr\/wp-json\/wp\/v2\/pages\/160\/revisions\/163"}],"wp:attachment":[{"href":"https:\/\/www.francoperuana.com\/fr\/wp-json\/wp\/v2\/media?parent=160"}],"curies":[{"name":"wp","href":"https:\/\/api.w.org\/{rel}","templated":true}]}}