{"id":155,"date":"2025-07-08T21:00:56","date_gmt":"2025-07-08T21:00:56","guid":{"rendered":"https:\/\/www.francoperuana.com\/fr\/?page_id=155"},"modified":"2025-07-08T21:03:20","modified_gmt":"2025-07-08T21:03:20","slug":"politique-de-confidentialite","status":"publish","type":"page","link":"https:\/\/www.francoperuana.com\/fr\/politique-de-confidentialite\/","title":{"rendered":"Politique de Confidentialit\u00e9"},"content":{"rendered":"<p>[et_pb_section fb_built=\u00bb1&#8243; theme_builder_area=\u00bbpost_content\u00bb _builder_version=\u00bb4.27.4&#8243; _module_preset=\u00bbdefault\u00bb][et_pb_row _builder_version=\u00bb4.27.4&#8243; _module_preset=\u00bbdefault\u00bb theme_builder_area=\u00bbpost_content\u00bb custom_padding=\u00bb||60px|||\u00bb][et_pb_column _builder_version=\u00bb4.27.4&#8243; _module_preset=\u00bbdefault\u00bb type=\u00bb4_4&#8243; theme_builder_area=\u00bbpost_content\u00bb][et_pb_text _builder_version=\u00bb4.27.4&#8243; _module_preset=\u00bbdefault\u00bb theme_builder_area=\u00bbpost_content\u00bb hover_enabled=\u00bb0&#8243; sticky_enabled=\u00bb0&#8243; text_font=\u00bbPlus Jakarta Sans|700|||||||\u00bb text_text_color=\u00bb#000000&#8243; text_font_size=\u00bb37px\u00bb]<\/p>\n<p style=\"text-align: center;\">Politique de Confidentialit\u00e9<\/p>\n<p>[\/et_pb_text][et_pb_text _builder_version=\u00bb4.27.4&#8243; _module_preset=\u00bbdefault\u00bb theme_builder_area=\u00bbpost_content\u00bb text_font=\u00bbPlus Jakarta Sans|300|||||||\u00bb text_text_color=\u00bb#000000&#8243; text_font_size=\u00bb15px\u00bb hover_enabled=\u00bb0&#8243; sticky_enabled=\u00bb0&#8243;]<\/p>\n<p data-start=\"80\" data-end=\"435\" style=\"text-align: justify;\">Chez <strong data-start=\"120\" data-end=\"138\">Franco Peruana<\/strong>, nous nous engageons \u00e0 prot\u00e9ger votre vie priv\u00e9e. Cette politique de confidentialit\u00e9 explique comment nous collectons, utilisons, divulguons et prot\u00e9geons vos informations lorsque vous visitez notre site Web. En utilisant notre site Web, vous acceptez les pratiques d\u00e9crites dans cette politique.<\/p>\n<p data-start=\"437\" data-end=\"480\" style=\"text-align: justify;\"><strong data-start=\"437\" data-end=\"478\">1. Informations que Nous Collectons :<\/strong><\/p>\n<ul data-start=\"481\" data-end=\"642\" style=\"text-align: justify;\">\n<li data-start=\"481\" data-end=\"554\">\n<p data-start=\"483\" data-end=\"554\">Informations personnelles d&#8217;identification (nom, e-mail, adresse, etc.)<\/p>\n<\/li>\n<li data-start=\"555\" data-end=\"642\">\n<p data-start=\"557\" data-end=\"642\">Informations non personnelles d&#8217;identification (type de navigateur, adresse IP, etc.)<\/p>\n<\/li>\n<\/ul>\n<p data-start=\"644\" data-end=\"733\" style=\"text-align: justify;\"><strong data-start=\"644\" data-end=\"692\">2. Comment Nous Utilisons Vos Informations :<\/strong><br data-start=\"692\" data-end=\"695\" \/>Nous utilisons vos informations pour :<\/p>\n<ul data-start=\"734\" data-end=\"919\" style=\"text-align: justify;\">\n<li data-start=\"734\" data-end=\"777\">\n<p data-start=\"736\" data-end=\"777\">Am\u00e9liorer notre site Web et nos services.<\/p>\n<\/li>\n<li data-start=\"778\" data-end=\"871\">\n<p data-start=\"780\" data-end=\"871\">Envoyer des e-mails promotionnels et des mises \u00e0 jour (uniquement avec votre consentement).<\/p>\n<\/li>\n<li data-start=\"872\" data-end=\"919\">\n<p data-start=\"874\" data-end=\"919\">R\u00e9pondre aux demandes et demandes de support.<\/p>\n<\/li>\n<\/ul>\n<p data-start=\"921\" data-end=\"1153\" style=\"text-align: justify;\"><strong data-start=\"921\" data-end=\"970\">3. Comment Nous Prot\u00e9geons Vos Informations :<\/strong><br data-start=\"970\" data-end=\"973\" \/>Nous mettons en \u0153uvre diverses mesures de s\u00e9curit\u00e9 pour maintenir la s\u00e9curit\u00e9 de vos informations personnelles lorsque vous entrez, soumettez ou acc\u00e9dez \u00e0 vos donn\u00e9es personnelles.<\/p>\n<p data-start=\"1155\" data-end=\"1381\" style=\"text-align: justify;\"><strong data-start=\"1155\" data-end=\"1187\">4. Divulgation \u00e0 des Tiers :<\/strong><br data-start=\"1187\" data-end=\"1190\" \/>Nous ne vendons, n&#8217;\u00e9changeons ni ne louons vos informations personnelles \u00e0 des tiers. Nous pouvons partager des informations non personnelles avec des tiers de confiance \u00e0 des fins d&#8217;analyse.<\/p>\n<p data-start=\"1383\" data-end=\"1566\" style=\"text-align: justify;\"><strong data-start=\"1383\" data-end=\"1399\">5. Cookies :<\/strong><br data-start=\"1399\" data-end=\"1402\" \/>Nous utilisons des cookies pour am\u00e9liorer votre exp\u00e9rience sur notre site Web. Vous pouvez choisir de d\u00e9sactiver les cookies via les param\u00e8tres de votre navigateur.<\/p>\n<p data-start=\"1568\" data-end=\"1765\" style=\"text-align: justify;\"><strong data-start=\"1568\" data-end=\"1587\">6. Vos Droits :<\/strong><br data-start=\"1587\" data-end=\"1590\" \/>Vous avez le droit d&#8217;acc\u00e9der, de mettre \u00e0 jour ou de supprimer vos informations personnelles. Pour toute question concernant vos donn\u00e9es personnelles, veuillez nous contacter.<\/p>\n<p>[\/et_pb_text][\/et_pb_column][\/et_pb_row][\/et_pb_section]<\/p>\n","protected":false},"excerpt":{"rendered":"<p>Politique de Confidentialit\u00e9Chez Franco Peruana, nous nous engageons \u00e0 prot\u00e9ger votre vie priv\u00e9e. Cette politique de confidentialit\u00e9 explique comment nous collectons, utilisons, divulguons et prot\u00e9geons vos informations lorsque vous visitez notre site Web. En utilisant notre site Web, vous acceptez les pratiques d\u00e9crites dans cette politique. 1. Informations que Nous Collectons : Informations personnelles d&#8217;identification [&hellip;]<\/p>\n","protected":false},"author":1,"featured_media":0,"parent":0,"menu_order":0,"comment_status":"closed","ping_status":"closed","template":"","meta":{"_et_pb_use_builder":"on","_et_pb_old_content":"<!-- wp:divi\/placeholder \/-->","_et_gb_content_width":"","footnotes":""},"class_list":["post-155","page","type-page","status-publish","hentry"],"_links":{"self":[{"href":"https:\/\/www.francoperuana.com\/fr\/wp-json\/wp\/v2\/pages\/155","targetHints":{"allow":["GET"]}}],"collection":[{"href":"https:\/\/www.francoperuana.com\/fr\/wp-json\/wp\/v2\/pages"}],"about":[{"href":"https:\/\/www.francoperuana.com\/fr\/wp-json\/wp\/v2\/types\/page"}],"author":[{"embeddable":true,"href":"https:\/\/www.francoperuana.com\/fr\/wp-json\/wp\/v2\/users\/1"}],"replies":[{"embeddable":true,"href":"https:\/\/www.francoperuana.com\/fr\/wp-json\/wp\/v2\/comments?post=155"}],"version-history":[{"count":3,"href":"https:\/\/www.francoperuana.com\/fr\/wp-json\/wp\/v2\/pages\/155\/revisions"}],"predecessor-version":[{"id":159,"href":"https:\/\/www.francoperuana.com\/fr\/wp-json\/wp\/v2\/pages\/155\/revisions\/159"}],"wp:attachment":[{"href":"https:\/\/www.francoperuana.com\/fr\/wp-json\/wp\/v2\/media?parent=155"}],"curies":[{"name":"wp","href":"https:\/\/api.w.org\/{rel}","templated":true}]}}