{"id":142,"date":"2025-07-07T20:34:40","date_gmt":"2025-07-07T20:34:40","guid":{"rendered":"https:\/\/www.francoperuana.com\/es\/?page_id=142"},"modified":"2025-07-07T20:36:01","modified_gmt":"2025-07-07T20:36:01","slug":"terminos-y-condiciones","status":"publish","type":"page","link":"https:\/\/www.francoperuana.com\/es\/terminos-y-condiciones\/","title":{"rendered":"T\u00e9rminos y Condiciones"},"content":{"rendered":"<p>[et_pb_section fb_built=&#8221;1&#8243; admin_label=&#8221;section&#8221; _builder_version=&#8221;4.16&#8243; custom_padding=&#8221;44px||29px|||&#8221; global_colors_info=&#8221;{}&#8221; theme_builder_area=&#8221;post_content&#8221;][et_pb_row _builder_version=&#8221;4.27.4&#8243; _module_preset=&#8221;default&#8221; custom_padding=&#8221;||44px|||&#8221; global_colors_info=&#8221;{}&#8221; theme_builder_area=&#8221;post_content&#8221;][et_pb_column type=&#8221;4_4&#8243; _builder_version=&#8221;4.27.4&#8243; _module_preset=&#8221;default&#8221; global_colors_info=&#8221;{}&#8221; theme_builder_area=&#8221;post_content&#8221;][et_pb_text _builder_version=&#8221;4.27.4&#8243; _module_preset=&#8221;default&#8221; text_font=&#8221;Plus Jakarta Sans|700|||||||&#8221; text_text_color=&#8221;#000000&#8243; text_font_size=&#8221;33px&#8221; hover_enabled=&#8221;0&#8243; global_colors_info=&#8221;{}&#8221; theme_builder_area=&#8221;post_content&#8221; sticky_enabled=&#8221;0&#8243;]<\/p>\n<p style=\"text-align: center;\">T\u00e9rminos y Condiciones<\/p>\n<p>[\/et_pb_text][et_pb_text _builder_version=&#8221;4.27.4&#8243; _module_preset=&#8221;default&#8221; text_font=&#8221;Plus Jakarta Sans|300|||||||&#8221; text_text_color=&#8221;#000000&#8243; text_font_size=&#8221;16px&#8221; hover_enabled=&#8221;0&#8243; global_colors_info=&#8221;{}&#8221; theme_builder_area=&#8221;post_content&#8221; sticky_enabled=&#8221;0&#8243;]<\/p>\n<p data-start=\"2654\" data-end=\"2769\">Al utilizar este sitio web, aceptas cumplir con los siguientes t\u00e9rminos y condiciones:<\/p>\n<p data-start=\"2771\" data-end=\"2898\"><strong data-start=\"2771\" data-end=\"2796\">1. Uso del Sitio Web:<\/strong><br data-start=\"2796\" data-end=\"2799\" \/>Puedes utilizar el sitio web solo para fines legales y de acuerdo con estos t\u00e9rminos y condiciones.<\/p>\n<p data-start=\"2900\" data-end=\"3102\"><strong data-start=\"2900\" data-end=\"2929\">2. Propiedad Intelectual:<\/strong><br data-start=\"2929\" data-end=\"2932\" \/>Todo el contenido del sitio web, incluyendo texto, gr\u00e1ficos, logotipos e im\u00e1genes, es propiedad de <strong data-start=\"3031\" data-end=\"3049\">Franco Peruana<\/strong> y est\u00e1 protegido por leyes de propiedad intelectual.<\/p>\n<p data-start=\"3104\" data-end=\"3367\"><strong data-start=\"3104\" data-end=\"3136\">3. Informaci\u00f3n de Productos:<\/strong><br data-start=\"3136\" data-end=\"3139\" \/>Hacemos todo lo posible para proporcionar informaci\u00f3n precisa sobre los productos, pero no garantizamos la exactitud o la integridad de dicha informaci\u00f3n. Los precios y la disponibilidad est\u00e1n sujetos a cambios sin previo aviso.<\/p>\n<p data-start=\"3369\" data-end=\"3589\"><strong data-start=\"3369\" data-end=\"3406\">4. Limitaci\u00f3n de Responsabilidad:<\/strong><br data-start=\"3406\" data-end=\"3409\" \/>No somos responsables de ning\u00fan da\u00f1o o p\u00e9rdida derivada del uso del sitio web, incluidos pero no limitados a la p\u00e9rdida de ganancias, p\u00e9rdida de datos u otras p\u00e9rdidas financieras.<\/p>\n<p data-start=\"3591\" data-end=\"3754\"><strong data-start=\"3591\" data-end=\"3612\">5. Ley Aplicable:<\/strong><br data-start=\"3612\" data-end=\"3615\" \/>Estos t\u00e9rminos y condiciones se rigen por las leyes de [pa\u00eds\/estado], y cualquier disputa ser\u00e1 resuelta en la jurisdicci\u00f3n correspondiente.<\/p>\n<p>[\/et_pb_text][\/et_pb_column][\/et_pb_row][\/et_pb_section]<\/p>\n","protected":false},"excerpt":{"rendered":"<p>T\u00e9rminos y CondicionesAl utilizar este sitio web, aceptas cumplir con los siguientes t\u00e9rminos y condiciones: 1. Uso del Sitio Web:Puedes utilizar el sitio web solo para fines legales y de acuerdo con estos t\u00e9rminos y condiciones. 2. Propiedad Intelectual:Todo el contenido del sitio web, incluyendo texto, gr\u00e1ficos, logotipos e im\u00e1genes, es propiedad de Franco Peruana [&hellip;]<\/p>\n","protected":false},"author":1,"featured_media":0,"parent":0,"menu_order":0,"comment_status":"closed","ping_status":"closed","template":"","meta":{"_et_pb_use_builder":"on","_et_pb_old_content":"<!-- wp:divi\/placeholder \/-->","_et_gb_content_width":"","footnotes":""},"class_list":["post-142","page","type-page","status-publish","hentry"],"_links":{"self":[{"href":"https:\/\/www.francoperuana.com\/es\/wp-json\/wp\/v2\/pages\/142","targetHints":{"allow":["GET"]}}],"collection":[{"href":"https:\/\/www.francoperuana.com\/es\/wp-json\/wp\/v2\/pages"}],"about":[{"href":"https:\/\/www.francoperuana.com\/es\/wp-json\/wp\/v2\/types\/page"}],"author":[{"embeddable":true,"href":"https:\/\/www.francoperuana.com\/es\/wp-json\/wp\/v2\/users\/1"}],"replies":[{"embeddable":true,"href":"https:\/\/www.francoperuana.com\/es\/wp-json\/wp\/v2\/comments?post=142"}],"version-history":[{"count":3,"href":"https:\/\/www.francoperuana.com\/es\/wp-json\/wp\/v2\/pages\/142\/revisions"}],"predecessor-version":[{"id":145,"href":"https:\/\/www.francoperuana.com\/es\/wp-json\/wp\/v2\/pages\/142\/revisions\/145"}],"wp:attachment":[{"href":"https:\/\/www.francoperuana.com\/es\/wp-json\/wp\/v2\/media?parent=142"}],"curies":[{"name":"wp","href":"https:\/\/api.w.org\/{rel}","templated":true}]}}