{"id":136,"date":"2025-07-07T20:31:27","date_gmt":"2025-07-07T20:31:27","guid":{"rendered":"https:\/\/www.francoperuana.com\/es\/?page_id=136"},"modified":"2025-07-07T20:34:23","modified_gmt":"2025-07-07T20:34:23","slug":"politica-de-privacidad","status":"publish","type":"page","link":"https:\/\/www.francoperuana.com\/es\/politica-de-privacidad\/","title":{"rendered":"Pol\u00edtica de Privacidad"},"content":{"rendered":"<p>[et_pb_section fb_built=&#8221;1&#8243; admin_label=&#8221;section&#8221; _builder_version=&#8221;4.16&#8243; global_colors_info=&#8221;{}&#8221; custom_padding=&#8221;44px||29px|||&#8221;][et_pb_row _builder_version=&#8221;4.27.4&#8243; _module_preset=&#8221;default&#8221; global_colors_info=&#8221;{}&#8221; custom_padding=&#8221;||44px|||&#8221;][et_pb_column type=&#8221;4_4&#8243; _builder_version=&#8221;4.27.4&#8243; _module_preset=&#8221;default&#8221; global_colors_info=&#8221;{}&#8221;][et_pb_text _builder_version=&#8221;4.27.4&#8243; _module_preset=&#8221;default&#8221; hover_enabled=&#8221;0&#8243; global_colors_info=&#8221;{}&#8221; text_font=&#8221;Plus Jakarta Sans|700|||||||&#8221; text_text_color=&#8221;#000000&#8243; text_font_size=&#8221;33px&#8221; sticky_enabled=&#8221;0&#8243;]<\/p>\n<p style=\"text-align: center;\">Pol\u00edtica de Privacidad<\/p>\n<p>[\/et_pb_text][et_pb_text _builder_version=&#8221;4.27.4&#8243; _module_preset=&#8221;default&#8221; text_font=&#8221;Plus Jakarta Sans|300|||||||&#8221; text_text_color=&#8221;#000000&#8243; text_font_size=&#8221;16px&#8221; hover_enabled=&#8221;0&#8243; sticky_enabled=&#8221;0&#8243;]<\/p>\n<p data-start=\"105\" data-end=\"416\">En <strong data-start=\"137\" data-end=\"155\">Franco Peruana<\/strong>, nos comprometemos a proteger tu privacidad. Esta Pol\u00edtica de Privacidad explica c\u00f3mo recopilamos, usamos, divulgamos y protegemos tu informaci\u00f3n cuando visitas nuestro sitio web. Al utilizar nuestro sitio web, aceptas las pr\u00e1cticas descritas en esta pol\u00edtica.<\/p>\n<p data-start=\"418\" data-end=\"455\"><strong data-start=\"418\" data-end=\"453\">1. Informaci\u00f3n que Recopilamos:<\/strong><\/p>\n<ul data-start=\"456\" data-end=\"626\">\n<li data-start=\"456\" data-end=\"542\">\n<p data-start=\"458\" data-end=\"542\">Informaci\u00f3n personal de identificaci\u00f3n (nombre, correo electr\u00f3nico, direcci\u00f3n, etc.)<\/p>\n<\/li>\n<li data-start=\"543\" data-end=\"626\">\n<p data-start=\"545\" data-end=\"626\">Informaci\u00f3n no personal de identificaci\u00f3n (tipo de navegador, direcci\u00f3n IP, etc.)<\/p>\n<\/li>\n<\/ul>\n<p data-start=\"628\" data-end=\"692\"><strong data-start=\"628\" data-end=\"662\">2. C\u00f3mo Usamos Tu Informaci\u00f3n:<\/strong><br data-start=\"662\" data-end=\"665\" \/>Usamos tu informaci\u00f3n para:<\/p>\n<ul data-start=\"693\" data-end=\"875\">\n<li data-start=\"693\" data-end=\"733\">\n<p data-start=\"695\" data-end=\"733\">Mejorar nuestro sitio web y servicios.<\/p>\n<\/li>\n<li data-start=\"734\" data-end=\"825\">\n<p data-start=\"736\" data-end=\"825\">Enviar correos electr\u00f3nicos promocionales y actualizaciones (solo con tu consentimiento).<\/p>\n<\/li>\n<li data-start=\"826\" data-end=\"875\">\n<p data-start=\"828\" data-end=\"875\">Responder a consultas y solicitudes de soporte.<\/p>\n<\/li>\n<\/ul>\n<p data-start=\"877\" data-end=\"1080\"><strong data-start=\"877\" data-end=\"915\">3. C\u00f3mo Protegemos Tu Informaci\u00f3n:<\/strong><br data-start=\"915\" data-end=\"918\" \/>Implementamos una variedad de medidas de seguridad para mantener la seguridad de tu informaci\u00f3n personal cuando ingresas, env\u00edas o accedes a tus datos personales.<\/p>\n<p data-start=\"1082\" data-end=\"1284\"><strong data-start=\"1082\" data-end=\"1112\">4. Divulgaci\u00f3n a Terceros:<\/strong><br data-start=\"1112\" data-end=\"1115\" \/>No vendemos, comercializamos ni alquilamos tu informaci\u00f3n personal a terceros. Podemos compartir informaci\u00f3n no personal con terceros de confianza para fines anal\u00edticos.<\/p>\n<p data-start=\"1286\" data-end=\"1458\"><strong data-start=\"1286\" data-end=\"1301\">5. Cookies:<\/strong><br data-start=\"1301\" data-end=\"1304\" \/>Utilizamos cookies para mejorar tu experiencia en nuestro sitio web. Puedes optar por desactivar las cookies a trav\u00e9s de la configuraci\u00f3n de tu navegador.<\/p>\n<p data-start=\"1460\" data-end=\"1630\"><strong data-start=\"1460\" data-end=\"1480\">6. Tus Derechos:<\/strong><br data-start=\"1480\" data-end=\"1483\" \/>Tienes derecho a acceder, actualizar o eliminar tu informaci\u00f3n personal. Para cualquier consulta sobre tus datos personales, por favor cont\u00e1ctanos.<\/p>\n<p>[\/et_pb_text][\/et_pb_column][\/et_pb_row][\/et_pb_section]<\/p>\n","protected":false},"excerpt":{"rendered":"<p>Pol\u00edtica de PrivacidadEn Franco Peruana, nos comprometemos a proteger tu privacidad. Esta Pol\u00edtica de Privacidad explica c\u00f3mo recopilamos, usamos, divulgamos y protegemos tu informaci\u00f3n cuando visitas nuestro sitio web. Al utilizar nuestro sitio web, aceptas las pr\u00e1cticas descritas en esta pol\u00edtica. 1. Informaci\u00f3n que Recopilamos: Informaci\u00f3n personal de identificaci\u00f3n (nombre, correo electr\u00f3nico, direcci\u00f3n, etc.) Informaci\u00f3n [&hellip;]<\/p>\n","protected":false},"author":1,"featured_media":0,"parent":0,"menu_order":0,"comment_status":"closed","ping_status":"closed","template":"","meta":{"_et_pb_use_builder":"on","_et_pb_old_content":"<!-- wp:divi\/placeholder \/-->","_et_gb_content_width":"","footnotes":""},"class_list":["post-136","page","type-page","status-publish","hentry"],"_links":{"self":[{"href":"https:\/\/www.francoperuana.com\/es\/wp-json\/wp\/v2\/pages\/136","targetHints":{"allow":["GET"]}}],"collection":[{"href":"https:\/\/www.francoperuana.com\/es\/wp-json\/wp\/v2\/pages"}],"about":[{"href":"https:\/\/www.francoperuana.com\/es\/wp-json\/wp\/v2\/types\/page"}],"author":[{"embeddable":true,"href":"https:\/\/www.francoperuana.com\/es\/wp-json\/wp\/v2\/users\/1"}],"replies":[{"embeddable":true,"href":"https:\/\/www.francoperuana.com\/es\/wp-json\/wp\/v2\/comments?post=136"}],"version-history":[{"count":4,"href":"https:\/\/www.francoperuana.com\/es\/wp-json\/wp\/v2\/pages\/136\/revisions"}],"predecessor-version":[{"id":141,"href":"https:\/\/www.francoperuana.com\/es\/wp-json\/wp\/v2\/pages\/136\/revisions\/141"}],"wp:attachment":[{"href":"https:\/\/www.francoperuana.com\/es\/wp-json\/wp\/v2\/media?parent=136"}],"curies":[{"name":"wp","href":"https:\/\/api.w.org\/{rel}","templated":true}]}}